{"id":254,"date":"2024-11-19T12:55:40","date_gmt":"2024-11-19T12:55:40","guid":{"rendered":"http:\/\/studio-fuss.com\/?page_id=254"},"modified":"2026-05-06T10:08:37","modified_gmt":"2026-05-06T10:08:37","slug":"kontakt","status":"publish","type":"page","link":"https:\/\/studio-fuss.com\/pl\/kontakt\/","title":{"rendered":"kontakt"},"content":{"rendered":"\n<h1 class=\"wp-block-heading visually-hidden\">Kontakt<\/h1>\n\n\n<style>.kb-row-layout-id254_2d09d6-31 > .kt-row-column-wrap{align-content:start;}:where(.kb-row-layout-id254_2d09d6-31 > .kt-row-column-wrap) > .wp-block-kadence-column{justify-content:start;}.kb-row-layout-id254_2d09d6-31 > .kt-row-column-wrap{column-gap:var(--global-kb-gap-md, 2rem);row-gap:var(--global-kb-gap-md, 2rem);max-width:var( --global-content-width, 1120px );padding-left:var(--global-content-edge-padding);padding-right:var(--global-content-edge-padding);padding-top:var(--global-kb-spacing-sm, 1.5rem);padding-bottom:var(--global-kb-spacing-sm, 1.5rem);grid-template-columns:minmax(0, 1fr);}.kb-row-layout-id254_2d09d6-31 > .kt-row-layout-overlay{opacity:0.30;}@media all and (max-width: 1024px){.kb-row-layout-id254_2d09d6-31 > .kt-row-column-wrap{grid-template-columns:minmax(0, 1fr);}}@media all and (max-width: 767px){.kb-row-layout-id254_2d09d6-31 > .kt-row-column-wrap{grid-template-columns:minmax(0, 1fr);}}<\/style><div class=\"kb-row-layout-wrap kb-row-layout-id254_2d09d6-31 aligncenter wp-block-kadence-rowlayout\"><div class=\"kt-row-column-wrap kt-has-1-columns kt-row-layout-equal kt-tab-layout-inherit kt-mobile-layout-row kt-row-valign-top kb-theme-content-width\">\n<style>.kadence-column254_1f44bd-4c > .kt-inside-inner-col,.kadence-column254_1f44bd-4c > .kt-inside-inner-col:before{border-top-left-radius:0px;border-top-right-radius:0px;border-bottom-right-radius:0px;border-bottom-left-radius:0px;}.kadence-column254_1f44bd-4c > .kt-inside-inner-col{column-gap:var(--global-kb-gap-sm, 1rem);}.kadence-column254_1f44bd-4c > .kt-inside-inner-col{flex-direction:column;}.kadence-column254_1f44bd-4c > .kt-inside-inner-col > .aligncenter{width:100%;}.kadence-column254_1f44bd-4c > .kt-inside-inner-col:before{opacity:0.3;}.kadence-column254_1f44bd-4c{position:relative;}@media all and (max-width: 1024px){.kadence-column254_1f44bd-4c > .kt-inside-inner-col{flex-direction:column;justify-content:center;}}@media all and (max-width: 767px){.kadence-column254_1f44bd-4c > .kt-inside-inner-col{flex-direction:column;justify-content:center;}}<\/style>\n<div class=\"wp-block-kadence-column kadence-column254_1f44bd-4c\"><div class=\"kt-inside-inner-col\"><style>.wp-block-kadence-advanced-form269-cpt-id .kb-advanced-form input[type=text],.wp-block-kadence-advanced-form269-cpt-id .kb-advanced-form input[type=tel],.wp-block-kadence-advanced-form269-cpt-id .kb-advanced-form input[type=number],.wp-block-kadence-advanced-form269-cpt-id .kb-advanced-form input[type=date],.wp-block-kadence-advanced-form269-cpt-id .kb-advanced-form input[type=time],.wp-block-kadence-advanced-form269-cpt-id .kb-advanced-form input[type=email],.wp-block-kadence-advanced-form269-cpt-id .kb-advanced-form input[type=file],.wp-block-kadence-advanced-form269-cpt-id .kb-advanced-form select,.wp-block-kadence-advanced-form269-cpt-id .kb-advanced-form textarea{font-size:1.35rem;color:var(--global-palette6, #718096);border-top:0px solid #B9B9C5;border-right:0px solid #B9B9C5;border-bottom:2px solid var(--global-palette3, #1A202C);border-left:0px solid #B9B9C5;border-top-left-radius:0px;border-top-right-radius:0px;border-bottom-right-radius:0px;border-bottom-left-radius:0px;padding-left:0px;}.wp-block-kadence-advanced-form269-cpt-id{--kb-form-text-color:var(--global-palette6, #718096);--kb-form-border-width:0px;--kb-form-border-color:#B9B9C5;}.wp-block-kadence-advanced-form269-cpt-id{--kb-form-placeholder-color:var(--global-palette6, #718096);}.wp-block-kadence-advanced-form269-cpt-id input[type=text]:focus,.wp-block-kadence-advanced-form269-cpt-id input[type=email]:focus,.wp-block-kadence-advanced-form269-cpt-id input[type=tel]:focus,.wp-block-kadence-advanced-form269-cpt-id input[type=date]:focus,.wp-block-kadence-advanced-form269-cpt-id input[type=number]:focus,.wp-block-kadence-advanced-form269-cpt-id input[type=time]:focus,.wp-block-kadence-advanced-form269-cpt-id input[type=file]:focus,.wp-block-kadence-advanced-form269-cpt-id select:focus,.wp-block-kadence-advanced-form269-cpt-id textarea:focus{border-color:var(--global-palette3);}.wp-block-kadence-advanced-form269-cpt-id .kb-adv-form-field .kb-adv-form-label{color:#909097;}@media all and (max-width: 1024px){.wp-block-kadence-advanced-form269-cpt-id .kb-advanced-form input[type=text],.wp-block-kadence-advanced-form269-cpt-id .kb-advanced-form input[type=tel],.wp-block-kadence-advanced-form269-cpt-id .kb-advanced-form input[type=number],.wp-block-kadence-advanced-form269-cpt-id .kb-advanced-form input[type=date],.wp-block-kadence-advanced-form269-cpt-id .kb-advanced-form input[type=time],.wp-block-kadence-advanced-form269-cpt-id .kb-advanced-form input[type=email],.wp-block-kadence-advanced-form269-cpt-id .kb-advanced-form input[type=file],.wp-block-kadence-advanced-form269-cpt-id .kb-advanced-form select,.wp-block-kadence-advanced-form269-cpt-id .kb-advanced-form textarea{border-top:0px solid #B9B9C5;border-right:0px solid #B9B9C5;border-bottom:2px solid var(--global-palette3, #1A202C);border-left:0px solid #B9B9C5;}}@media all and (max-width: 767px){.wp-block-kadence-advanced-form269-cpt-id .kb-advanced-form input[type=text],.wp-block-kadence-advanced-form269-cpt-id .kb-advanced-form input[type=tel],.wp-block-kadence-advanced-form269-cpt-id .kb-advanced-form input[type=number],.wp-block-kadence-advanced-form269-cpt-id .kb-advanced-form input[type=date],.wp-block-kadence-advanced-form269-cpt-id .kb-advanced-form input[type=time],.wp-block-kadence-advanced-form269-cpt-id .kb-advanced-form input[type=email],.wp-block-kadence-advanced-form269-cpt-id .kb-advanced-form input[type=file],.wp-block-kadence-advanced-form269-cpt-id .kb-advanced-form select,.wp-block-kadence-advanced-form269-cpt-id .kb-advanced-form textarea{border-top:0px solid #B9B9C5;border-right:0px solid #B9B9C5;border-bottom:2px solid var(--global-palette3, #1A202C);border-left:0px solid #B9B9C5;}}<\/style><div class=\"wp-block-kadence-advanced-form wp-block-kadence-advanced-form269-cpt-id kb-adv-form-label-style-infield kb-adv-form-input-size-standard kb-form-basic-style kb-form-hide-required-asterisk wp-block-kadence-advanced-form\"><form id=\"kb-adv-form-269-cpt-id\" class=\"kb-advanced-form\" method=\"post\">\n<div class=\"kb-adv-form-field kb-adv-form-text-type-input kb-adv-form-infield-type-input kb-field2696bda32-0b wp-block-kadence-advanced-form-text\"><input name=\"field6bda32-0b\" id=\"field2696bda32-0b\" data-label=\"imi\u0119 i nazwisko\" autocomplete=\"name\" type=\"text\" placeholder=\"imi\u0119 i nazwisko\" value=\"\" data-type=\"text\" class=\"kb-field kb-text-field\" data-required=\"yes\" required aria-required=\"true\" aria-label=\"imi\u0119 i nazwisko\"\/><\/div>\n\n<div class=\"kb-adv-form-field kb-adv-form-text-type-input kb-adv-form-infield-type-input kb-field269ffbc5e-2c wp-block-kadence-advanced-form-email\"><input name=\"adresemail\" id=\"field269ffbc5e-2c\" data-label=\"Email\" autocomplete=\"email\" type=\"email\" placeholder=\"email\" value=\"\" data-type=\"email\" class=\"kb-field kb-email-field\" data-required=\"yes\" required aria-required=\"true\" aria-label=\"Email\" data-kb-required-message=\"adres email jest wymagany\" \/><\/div>\n\n<div class=\"kb-adv-form-field kb-adv-form-text-type-input kb-adv-form-infield-type-input kb-field269864a4b-34 wp-block-kadence-advanced-form-textarea\"><textarea name=\"wiadomosc\" id=\"field269864a4b-34\" rows=\"3\"  data-label=\"wiadomo\u015b\u0107\" placeholder=\"wiadomo\u015b\u0107\" data-type=\"textarea\" class=\"kb-field kb-textarea-field\" data-required=\"yes\" required aria-required=\"true\" aria-label=\"wiadomo\u015b\u0107\" data-kb-required-message=\"pole wiadomo\u015bci jest wymagane\" ><\/textarea><\/div>\n\n<div class=\"kb-adv-form-field kb-field26911617b-95 wp-block-kadence-advanced-form-accept\"><fieldset class=\"kb-radio-check-item-wrap\" id=\"cb26911617b-95\" data-type=\"accept\" data-required=\"yes\" ><div class=\"kb-radio-check-item\"><input name=\"field11617b-95\" id=\"field26911617b-95_0\" data-label=\"\" type=\"checkbox\" value=\"accept\" data-type=\"accept\" class=\"kb-field kb-accept-field kb-checkbox-field\" data-required=\"yes\" required aria-required=\"true\"\/><label for=\"field26911617b-95_0\">Wyra\u017cam zgod\u0119 na kontakt mailowy w celu obs\u0142ugi niniejszego zapytania ofertowego.<span class=\"kb-adv-form-required\">*<\/span><\/label><\/div><\/fieldset><\/div>\n\n<div class=\"kb-adv-form-field kb-fieldfd86df-2d wp-block-kadence-advanced-form-captcha\"><div class=\"cf-turnstile\" data-language=\"\" data-size=\"normal\" data-theme=\"light\" data-sitekey=\"0x4AAAAAADKOX-EauA-HIiAB\"><\/div><\/div>\n\n<style>ul.menu .kb-submit-field .kb-btn03551c-b5.kb-button{width:initial;}.kb-submit-field .kb-btn03551c-b5.kb-button{color:var(--global-palette6, #718096);font-size:1.35rem;border-top:0px solid;border-right:0px solid;border-bottom:0px solid;border-left:0px solid;padding-left:0px;}.kb-submit-field .kb-btn03551c-b5.kb-button:hover, .kb-submit-field .kb-btn03551c-b5.kb-button:focus{color:var(--global-palette3, #1A202C);}.kb-submit-field.kb-field03551c-b5{justify-content:flex-start;}@media all and (max-width: 1024px){.kb-submit-field .kb-btn03551c-b5.kb-button{border-top:0px solid;border-right:0px solid;border-bottom:0px solid;border-left:0px solid;}}@media all and (max-width: 767px){.kb-submit-field .kb-btn03551c-b5.kb-button{border-top:0px solid;border-right:0px solid;border-bottom:0px solid;border-left:0px solid;}}<\/style><div class=\"kb-adv-form-field kb-submit-field kb-field03551c-b5 wp-block-kadence-advanced-form-submit\"><button class=\"kb-button kt-button button kb-adv-form-submit-button kb-btn03551c-b5 kt-btn-size-standard kt-btn-width-type-auto kb-btn-global-outline kt-btn-has-text-true kt-btn-has-svg-false\" type=\"submit\"><span class=\"kt-btn-inner-text\">wy\u015blij<\/span><\/button><\/div>\n<input type=\"hidden\" name=\"_kb_adv_form_post_id\" value=\"269\"><input type=\"hidden\" name=\"action\" value=\"kb_process_advanced_form_submit\"><input type=\"hidden\" name=\"_kb_adv_form_id\" value=\"269-cpt-id\"><\/form><\/div><\/div><\/div>\n\n<\/div><\/div>\n\n\n<p><\/p>\n","protected":false},"excerpt":{"rendered":"<p>Kontakt<\/p>\n","protected":false},"author":1,"featured_media":0,"parent":0,"menu_order":0,"comment_status":"closed","ping_status":"closed","template":"","meta":{"inline_featured_image":false,"_kad_post_transparent":"","_kad_post_title":"","_kad_post_layout":"narrow","_kad_post_sidebar_id":"","_kad_post_content_style":"","_kad_post_vertical_padding":"","_kad_post_feature":"","_kad_post_feature_position":"","_kad_post_header":false,"_kad_post_footer":false,"_kad_post_classname":"","footnotes":""},"class_list":["post-254","page","type-page","status-publish","hentry"],"_links":{"self":[{"href":"https:\/\/studio-fuss.com\/pl\/wp-json\/wp\/v2\/pages\/254","targetHints":{"allow":["GET"]}}],"collection":[{"href":"https:\/\/studio-fuss.com\/pl\/wp-json\/wp\/v2\/pages"}],"about":[{"href":"https:\/\/studio-fuss.com\/pl\/wp-json\/wp\/v2\/types\/page"}],"author":[{"embeddable":true,"href":"https:\/\/studio-fuss.com\/pl\/wp-json\/wp\/v2\/users\/1"}],"replies":[{"embeddable":true,"href":"https:\/\/studio-fuss.com\/pl\/wp-json\/wp\/v2\/comments?post=254"}],"version-history":[{"count":3,"href":"https:\/\/studio-fuss.com\/pl\/wp-json\/wp\/v2\/pages\/254\/revisions"}],"predecessor-version":[{"id":277,"href":"https:\/\/studio-fuss.com\/pl\/wp-json\/wp\/v2\/pages\/254\/revisions\/277"}],"wp:attachment":[{"href":"https:\/\/studio-fuss.com\/pl\/wp-json\/wp\/v2\/media?parent=254"}],"curies":[{"name":"wp","href":"https:\/\/api.w.org\/{rel}","templated":true}]}}