{"id":136,"date":"2024-11-19T12:55:29","date_gmt":"2024-11-19T12:55:29","guid":{"rendered":"http:\/\/studio-fuss.com\/?page_id=136"},"modified":"2026-05-06T14:18:11","modified_gmt":"2026-05-06T14:18:11","slug":"o-nas","status":"publish","type":"page","link":"https:\/\/studio-fuss.com\/pl\/o-nas\/","title":{"rendered":"o nas"},"content":{"rendered":"<style>.kb-row-layout-id136_0e2f17-0d > .kt-row-column-wrap{align-content:start;}:where(.kb-row-layout-id136_0e2f17-0d > .kt-row-column-wrap) > .wp-block-kadence-column{justify-content:start;}.kb-row-layout-id136_0e2f17-0d > .kt-row-column-wrap{column-gap:3rem;row-gap:0rem;max-width:var( --global-content-width, 1120px );padding-left:var(--global-content-edge-padding);padding-right:var(--global-content-edge-padding);padding-top:0px;padding-right:0px;padding-bottom:0px;padding-left:0px;grid-template-columns:minmax(0, calc(40% - ((3rem * 1 )\/2)))minmax(0, calc(60% - ((3rem * 1 )\/2)));}.kb-row-layout-id136_0e2f17-0d > .kt-row-layout-overlay{opacity:0.30;}@media all and (max-width: 1024px){.kb-row-layout-id136_0e2f17-0d > .kt-row-column-wrap{grid-template-columns:repeat(2, minmax(0, 1fr));}}@media all and (max-width: 767px){.kb-row-layout-id136_0e2f17-0d > .kt-row-column-wrap{grid-template-columns:minmax(0, 1fr);}}<\/style><div class=\"kb-row-layout-wrap kb-row-layout-id136_0e2f17-0d alignnone wp-block-kadence-rowlayout\"><div class=\"kt-row-column-wrap kt-has-2-columns kt-row-layout-equal kt-tab-layout-inherit kt-mobile-layout-row kt-row-valign-top kb-theme-content-width\">\n<style>.kadence-column136_d94932-6a > .kt-inside-inner-col,.kadence-column136_d94932-6a > .kt-inside-inner-col:before{border-top-left-radius:0px;border-top-right-radius:0px;border-bottom-right-radius:0px;border-bottom-left-radius:0px;}.kadence-column136_d94932-6a > .kt-inside-inner-col{column-gap:var(--global-kb-gap-sm, 1rem);}.kadence-column136_d94932-6a > .kt-inside-inner-col{flex-direction:column;}.kadence-column136_d94932-6a > .kt-inside-inner-col > .aligncenter{width:100%;}.kadence-column136_d94932-6a > .kt-inside-inner-col:before{opacity:0.3;}.kadence-column136_d94932-6a{position:relative;}@media all and (max-width: 1024px){.kadence-column136_d94932-6a > .kt-inside-inner-col{flex-direction:column;justify-content:center;}}@media all and (max-width: 767px){.kadence-column136_d94932-6a > .kt-inside-inner-col{flex-direction:column;justify-content:center;}}<\/style>\n<div class=\"wp-block-kadence-column kadence-column136_d94932-6a\"><div class=\"kt-inside-inner-col\">\n<figure class=\"wp-block-image size-full\"><img loading=\"lazy\" decoding=\"async\" width=\"1280\" height=\"853\" src=\"http:\/\/studio-fuss.com\/wp-content\/uploads\/2026\/05\/about-studio-fuss.jpeg\" alt=\"\" class=\"wp-image-301\" srcset=\"https:\/\/studio-fuss.com\/wp-content\/uploads\/2026\/05\/about-studio-fuss.jpeg 1280w, https:\/\/studio-fuss.com\/wp-content\/uploads\/2026\/05\/about-studio-fuss-300x200.jpeg 300w, https:\/\/studio-fuss.com\/wp-content\/uploads\/2026\/05\/about-studio-fuss-800x533.jpeg 800w, https:\/\/studio-fuss.com\/wp-content\/uploads\/2026\/05\/about-studio-fuss-768x512.jpeg 768w\" sizes=\"auto, (max-width: 1280px) 100vw, 1280px\" \/><\/figure>\n<\/div><\/div>\n\n\n<style>.kadence-column136_a6debb-a7 > .kt-inside-inner-col,.kadence-column136_a6debb-a7 > .kt-inside-inner-col:before{border-top-left-radius:0px;border-top-right-radius:0px;border-bottom-right-radius:0px;border-bottom-left-radius:0px;}.kadence-column136_a6debb-a7 > .kt-inside-inner-col{column-gap:var(--global-kb-gap-sm, 1rem);}.kadence-column136_a6debb-a7 > .kt-inside-inner-col{flex-direction:column;}.kadence-column136_a6debb-a7 > .kt-inside-inner-col > .aligncenter{width:100%;}.kadence-column136_a6debb-a7 > .kt-inside-inner-col:before{opacity:0.3;}.kadence-column136_a6debb-a7{position:relative;}@media all and (max-width: 1024px){.kadence-column136_a6debb-a7 > .kt-inside-inner-col{flex-direction:column;justify-content:center;}}@media all and (max-width: 767px){.kadence-column136_a6debb-a7 > .kt-inside-inner-col{flex-direction:column;justify-content:center;}}<\/style>\n<div class=\"wp-block-kadence-column kadence-column136_a6debb-a7\"><div class=\"kt-inside-inner-col\">\n<h1 class=\"wp-block-heading visually-hidden\">O nas<\/h1>\n\n\n\n<p>Studio Fuss to niewielkie studio projektowania wn\u0119trz i kuratorskiego doboru wyposa\u017cenia, z siedzib\u0105 w Warszawie, pracuj\u0105ce z klientami w Polsce i za granic\u0105.<\/p>\n\n\n\n<p>Wierzymy, \u017ce uwa\u017cnie zaprojektowana przestrze\u0144 ma realny wp\u0142yw na spos\u00f3b, w jaki \u017cyjemy, my\u015blimy i czujemy si\u0119 na co dzie\u0144. Interesuje nas proporcja, \u015bwiat\u0142o, materia, a tak\u017ce \u015bwiadomy dob\u00f3r mebli, sztuki i przedmiot\u00f3w \u2013 zar\u00f3wno wsp\u00f3\u0142czesnych, jak i z przesz\u0142o\u015bci\u0105. Pracujemy w bliskim dialogu z klientami, a w razie potrzeby r\u00f3wnie\u017c z architektami, wykonawcami i rzemie\u015blnikami, tworz\u0105c wn\u0119trza spokojne, sp\u00f3jne i ponadczasowe, wolne od sezonowych m\u00f3d.<\/p>\n\n\n\n<p>Studio za\u0142o\u017cy\u0142a Karolina Kluczewska, kt\u00f3rej droga zawodowa \u0142\u0105czy film, j\u0119zykoznawstwo i projektowanie wn\u0119trz. Jej studia w Londynie i Waszyngtonie oraz do\u015bwiadczenia zdobywane pomi\u0119dzy Europ\u0105 a Stanami Zjednoczonymi ukszta\u0142towa\u0142y wra\u017cliwo\u015b\u0107 estetyczn\u0105 \u2013 zakorzenion\u0105 w europejskiej tradycji, szacunku do rzemios\u0142a, historii i pow\u015bci\u0105gliwej elegancji, a jednocze\u015bnie otwart\u0105 na wsp\u00f3\u0142czesny spos\u00f3b \u017cycia.<\/p>\n\n\n\n<p>Karolina pracuje indywidualnie, realizuj\u0105c wybrane projekty wn\u0119trz mieszkalnych oraz zajmuj\u0105c si\u0119 wyszukiwaniem i komponowaniem mebli, o\u015bwietlenia i obiekt\u00f3w. W centrum jej praktyki pozostaje dialog mi\u0119dzy dawnym a nowym \u2013 przedmiotami z charakterem i wsp\u00f3\u0142czesnym designem \u2013 oraz tworzenie przestrzeni, kt\u00f3re s\u0105 wywa\u017cone, osobiste i naturalnie \u201ezamieszkane\u201d.<\/p>\n<\/div><\/div>\n\n<\/div><\/div>","protected":false},"excerpt":{"rendered":"<p>O nas Studio Fuss to niewielkie studio projektowania wn\u0119trz i kuratorskiego doboru wyposa\u017cenia, z siedzib\u0105 w Warszawie, pracuj\u0105ce z klientami w Polsce i za granic\u0105. Wierzymy, \u017ce uwa\u017cnie zaprojektowana przestrze\u0144 ma realny wp\u0142yw na spos\u00f3b, w jaki \u017cyjemy, my\u015blimy i czujemy si\u0119 na co dzie\u0144. Interesuje nas proporcja, \u015bwiat\u0142o, materia, a tak\u017ce \u015bwiadomy dob\u00f3r mebli,&#8230;<\/p>\n","protected":false},"author":1,"featured_media":0,"parent":0,"menu_order":0,"comment_status":"closed","ping_status":"closed","template":"","meta":{"inline_featured_image":false,"_kad_post_transparent":"","_kad_post_title":"","_kad_post_layout":"","_kad_post_sidebar_id":"","_kad_post_content_style":"","_kad_post_vertical_padding":"","_kad_post_feature":"","_kad_post_feature_position":"","_kad_post_header":false,"_kad_post_footer":false,"_kad_post_classname":"","footnotes":""},"class_list":["post-136","page","type-page","status-publish","hentry"],"_links":{"self":[{"href":"https:\/\/studio-fuss.com\/pl\/wp-json\/wp\/v2\/pages\/136","targetHints":{"allow":["GET"]}}],"collection":[{"href":"https:\/\/studio-fuss.com\/pl\/wp-json\/wp\/v2\/pages"}],"about":[{"href":"https:\/\/studio-fuss.com\/pl\/wp-json\/wp\/v2\/types\/page"}],"author":[{"embeddable":true,"href":"https:\/\/studio-fuss.com\/pl\/wp-json\/wp\/v2\/users\/1"}],"replies":[{"embeddable":true,"href":"https:\/\/studio-fuss.com\/pl\/wp-json\/wp\/v2\/comments?post=136"}],"version-history":[{"count":5,"href":"https:\/\/studio-fuss.com\/pl\/wp-json\/wp\/v2\/pages\/136\/revisions"}],"predecessor-version":[{"id":303,"href":"https:\/\/studio-fuss.com\/pl\/wp-json\/wp\/v2\/pages\/136\/revisions\/303"}],"wp:attachment":[{"href":"https:\/\/studio-fuss.com\/pl\/wp-json\/wp\/v2\/media?parent=136"}],"curies":[{"name":"wp","href":"https:\/\/api.w.org\/{rel}","templated":true}]}}